{"id":106,"date":"2013-10-25T09:08:31","date_gmt":"2013-10-25T09:08:31","guid":{"rendered":"http:\/\/buenostratos-dev.larioja.org\/?page_id=106"},"modified":"2014-11-10T13:58:35","modified_gmt":"2014-11-10T13:58:35","slug":"familias","status":"publish","type":"page","link":"https:\/\/buenostratos-blog.larioja.org\/?page_id=106","title":{"rendered":"Familias"},"content":{"rendered":"<p>\u00a1Queridas Familias!<\/p>\n<p><img loading=\"lazy\" decoding=\"async\" width=\"214\" height=\"300\" class=\" wp-image-53   alignright\" src=\"http:\/\/buenostratos-blog.larioja.org\/wp-content\/uploads\/2013\/10\/Sin-t\u00edtulo-214x300.jpg\" alt=\"Sin t\u00edtulo\" srcset=\"https:\/\/buenostratos-blog.larioja.org\/wp-content\/uploads\/2013\/10\/Sin-t\u00edtulo-214x300.jpg 214w, https:\/\/buenostratos-blog.larioja.org\/wp-content\/uploads\/2013\/10\/Sin-t\u00edtulo-730x1024.jpg 730w, https:\/\/buenostratos-blog.larioja.org\/wp-content\/uploads\/2013\/10\/Sin-t\u00edtulo.jpg 888w\" sizes=\"(max-width: 214px) 100vw, 214px\" \/><\/p>\n<p style=\"text-align: justify;\">Bienvenidas al<span style=\"color: #0000ff;\"> <strong>Blog del Programa de BBTT. <\/strong><\/span><span style=\"color: #993366;\"><span style=\"color: #000000;\">Os ofrecemos <\/span><\/span>este espacio para compartir contenidos digitales coeducativos, y como una prolongaci\u00f3n, en el espacio y en el tiempo, al trabajo que vuestros hijos e hijas\u00a0 realizan en clase; una ventana virtual\u00a0 desde la que pod\u00e9is\u00a0\u00a0 participar en los proyectos educativos que se llevan a cabo, con relaci\u00f3n al Programa.<\/p>\n<p style=\"text-align: justify;\">La familia tiene un papel indiscutible en la prevenci\u00f3n de conductas violentas pues tiene la capacidad de constituirse en transmisora de valores, costumbres, h\u00e1bitos, modelos de comportamiento, as\u00ed como en elemento de apoyo, resoluci\u00f3n de conflictos y sustento del estado del bienestar.<\/p>\n<p style=\"text-align: justify;\">Sab\u00e9is que os podeis\u00a0 implicar en la producci\u00f3n de informaci\u00f3n para publicar en el blog, \u00bfc\u00f3mo?\u00a0 enviando enlaces, aportando sugerencias y contenidos digitales encontrados en la web o elaborados por vosotros\/as mismos\/as.<\/p>\n<p style=\"text-align: justify;\">Estaremos encantados de resolver todas las dudas que os puedan surgir y de recibir vuestras aportaciones y sugerencias.<\/p>\n<p style=\"text-align: justify;\">Desde el AMPA o la Direcci\u00f3n de vuestro colegio pod\u00e9is informaros acerca de los talleres que podemos realizar dedicados a las familias. En ellos de forma l\u00fadica y pr\u00e1ctica intentaremos \u00abcrecer\u00bb en Coeducaci\u00f3n y realizar un intercambio de experiencias, que nos ayude en la enorme tarea que es la educaci\u00f3n de nuestros\/as hijos\/as.<\/p>\n<p><span style=\"color: #800080;\"><a href=\"http:\/\/buenostratos-blog.larioja.org\/wp-content\/uploads\/2013\/09\/Guia-Familias-2010.pdf\"><span style=\"color: #800080;\">Guia Familias<\/span><\/a><\/span><\/p>\n<p>&nbsp;<\/p>\n<p>&nbsp;<\/p>\n<p>&nbsp;<\/p>\n<p>&nbsp;<\/p>\n","protected":false},"excerpt":{"rendered":"<p>\u00a1Queridas Familias! Bienvenidas al Blog del Programa de BBTT. Os ofrecemos este espacio para compartir contenidos digitales coeducativos, y como una prolongaci\u00f3n, en el espacio y en el tiempo, al trabajo que vuestros hijos e hijas\u00a0 realizan en clase; una &hellip; <a href=\"https:\/\/buenostratos-blog.larioja.org\/?page_id=106\">Sigue leyendo <span class=\"meta-nav\">&rarr;<\/span><\/a><\/p>\n","protected":false},"author":1,"featured_media":0,"parent":0,"menu_order":3,"comment_status":"open","ping_status":"closed","template":"sidebar-page.php","meta":{"footnotes":""},"_links":{"self":[{"href":"https:\/\/buenostratos-blog.larioja.org\/index.php?rest_route=\/wp\/v2\/pages\/106"}],"collection":[{"href":"https:\/\/buenostratos-blog.larioja.org\/index.php?rest_route=\/wp\/v2\/pages"}],"about":[{"href":"https:\/\/buenostratos-blog.larioja.org\/index.php?rest_route=\/wp\/v2\/types\/page"}],"author":[{"embeddable":true,"href":"https:\/\/buenostratos-blog.larioja.org\/index.php?rest_route=\/wp\/v2\/users\/1"}],"replies":[{"embeddable":true,"href":"https:\/\/buenostratos-blog.larioja.org\/index.php?rest_route=%2Fwp%2Fv2%2Fcomments&post=106"}],"version-history":[{"count":25,"href":"https:\/\/buenostratos-blog.larioja.org\/index.php?rest_route=\/wp\/v2\/pages\/106\/revisions"}],"predecessor-version":[{"id":747,"href":"https:\/\/buenostratos-blog.larioja.org\/index.php?rest_route=\/wp\/v2\/pages\/106\/revisions\/747"}],"wp:attachment":[{"href":"https:\/\/buenostratos-blog.larioja.org\/index.php?rest_route=%2Fwp%2Fv2%2Fmedia&parent=106"}],"curies":[{"name":"wp","href":"https:\/\/api.w.org\/{rel}","templated":true}]}}